{"id":20557,"date":"2025-08-03T16:32:10","date_gmt":"2025-08-03T16:32:10","guid":{"rendered":"https:\/\/s-capades.com\/?page_id=20557"},"modified":"2025-08-03T18:17:26","modified_gmt":"2025-08-03T18:17:26","slug":"conditions-dannulation","status":"publish","type":"page","link":"https:\/\/s-capades.com\/en\/conditions-dannulation\/","title":{"rendered":"Conditions d\u2019annulation"},"content":{"rendered":"<p>[et_pb_section fb_built=\u00a0\u00bb1&Prime; next_background_color=\u00a0\u00bb#ffffff\u00a0\u00bb admin_label=\u00a0\u00bbHero section\u00a0\u00bb _builder_version=\u00a0\u00bb4.27.4&Prime; background_image=\u00a0\u00bbhttps:\/\/s-capades.com\/wp-content\/uploads\/2025\/05\/appartements.png\u00a0\u00bb background_position=\u00a0\u00bbtop_center\u00a0\u00bb custom_margin=\u00a0\u00bb|||\u00a0\u00bb custom_padding=\u00a0\u00bb10%||2.4%|||\u00a0\u00bb bottom_divider_style=\u00a0\u00bbcurve2&Prime; bottom_divider_height=\u00a0\u00bb32px\u00a0\u00bb global_colors_info=\u00a0\u00bb{}\u00a0\u00bb][et_pb_row _builder_version=\u00a0\u00bb4.27.4&Prime; custom_margin=\u00a0\u00bb|||\u00a0\u00bb animation_style=\u00a0\u00bbfade\u00a0\u00bb locked=\u00a0\u00bboff\u00a0\u00bb global_colors_info=\u00a0\u00bb{}\u00a0\u00bb][et_pb_column type=\u00a0\u00bb4_4&Prime; _builder_version=\u00a0\u00bb4.16&Prime; custom_padding=\u00a0\u00bb1px|||\u00a0\u00bb global_colors_info=\u00a0\u00bb{}\u00a0\u00bb custom_padding__hover=\u00a0\u00bb|||\u00a0\u00bb][et_pb_cta title=\u00a0\u00bbConditions d\u2019annulation\u00a0\u00bb button_url=\u00a0\u00bb#\u00a0\u00bb _builder_version=\u00a0\u00bb4.27.4&Prime; header_level=\u00a0\u00bbh1&Prime; header_font=\u00a0\u00bbUrbanist|||on|||||\u00a0\u00bb header_text_align=\u00a0\u00bbcenter\u00a0\u00bb header_font_size=\u00a0\u00bb55px\u00a0\u00bb header_letter_spacing=\u00a0\u00bb2px\u00a0\u00bb header_line_height=\u00a0\u00bb1.2em\u00a0\u00bb body_font=\u00a0\u00bbLato||||||||\u00a0\u00bb body_font_size=\u00a0\u00bb18px\u00a0\u00bb body_line_height=\u00a0\u00bb1.8em\u00a0\u00bb use_background_color=\u00a0\u00bboff\u00a0\u00bb custom_button=\u00a0\u00bbon\u00a0\u00bb button_text_size=\u00a0\u00bb16px\u00a0\u00bb button_text_color=\u00a0\u00bb#ffffff\u00a0\u00bb button_bg_color=\u00a0\u00bb#fa7f28&Prime; button_border_width=\u00a0\u00bb6px\u00a0\u00bb button_border_color=\u00a0\u00bb#fa7f28&Prime; button_border_radius=\u00a0\u00bb5px\u00a0\u00bb button_letter_spacing=\u00a0\u00bb2px\u00a0\u00bb button_font=\u00a0\u00bbLato|900||on|||||\u00a0\u00bb text_orientation=\u00a0\u00bbleft\u00a0\u00bb max_width=\u00a0\u00bb1000%\u00a0\u00bb module_alignment=\u00a0\u00bbleft\u00a0\u00bb custom_margin_tablet=\u00a0\u00bb\u00a0\u00bb custom_margin_phone=\u00a0\u00bb64px||||false|false\u00a0\u00bb custom_margin_last_edited=\u00a0\u00bbon|phone\u00a0\u00bb animation_style=\u00a0\u00bbfold\u00a0\u00bb animation_intensity_fold=\u00a0\u00bb16%\u00a0\u00bb header_font_size_tablet=\u00a0\u00bb46px\u00a0\u00bb header_font_size_phone=\u00a0\u00bb28px\u00a0\u00bb header_font_size_last_edited=\u00a0\u00bbon|phone\u00a0\u00bb header_text_shadow_style=\u00a0\u00bbpreset1&Prime; header_text_shadow_blur_strength=\u00a0\u00bb0.6em\u00a0\u00bb header_text_shadow_color=\u00a0\u00bbrgba(0,0,0,0.6)\u00a0\u00bb box_shadow_style_button=\u00a0\u00bbpreset3&Prime; box_shadow_blur_button=\u00a0\u00bb30px\u00a0\u00bb box_shadow_spread_button=\u00a0\u00bb8px\u00a0\u00bb box_shadow_color_button=\u00a0\u00bbrgba(250,127,40,0.15)\u00a0\u00bb button_letter_spacing_hover=\u00a0\u00bb2px\u00a0\u00bb global_colors_info=\u00a0\u00bb{}\u00a0\u00bb button_text_size__hover_enabled=\u00a0\u00bboff\u00a0\u00bb button_one_text_size__hover_enabled=\u00a0\u00bboff\u00a0\u00bb button_two_text_size__hover_enabled=\u00a0\u00bboff\u00a0\u00bb button_text_color__hover_enabled=\u00a0\u00bboff\u00a0\u00bb button_one_text_color__hover_enabled=\u00a0\u00bboff\u00a0\u00bb button_two_text_color__hover_enabled=\u00a0\u00bboff\u00a0\u00bb button_border_width__hover_enabled=\u00a0\u00bboff\u00a0\u00bb button_one_border_width__hover_enabled=\u00a0\u00bboff\u00a0\u00bb button_two_border_width__hover_enabled=\u00a0\u00bboff\u00a0\u00bb button_border_color__hover_enabled=\u00a0\u00bboff\u00a0\u00bb button_one_border_color__hover_enabled=\u00a0\u00bboff\u00a0\u00bb button_two_border_color__hover_enabled=\u00a0\u00bboff\u00a0\u00bb button_border_radius__hover_enabled=\u00a0\u00bboff\u00a0\u00bb button_one_border_radius__hover_enabled=\u00a0\u00bboff\u00a0\u00bb button_two_border_radius__hover_enabled=\u00a0\u00bboff\u00a0\u00bb button_letter_spacing__hover_enabled=\u00a0\u00bbon\u00a0\u00bb button_letter_spacing__hover=\u00a0\u00bb2px\u00a0\u00bb button_one_letter_spacing__hover_enabled=\u00a0\u00bboff\u00a0\u00bb button_two_letter_spacing__hover_enabled=\u00a0\u00bboff\u00a0\u00bb button_bg_color__hover_enabled=\u00a0\u00bboff\u00a0\u00bb button_one_bg_color__hover_enabled=\u00a0\u00bboff\u00a0\u00bb button_two_bg_color__hover_enabled=\u00a0\u00bboff\u00a0\u00bb][\/et_pb_cta][\/et_pb_column][\/et_pb_row][\/et_pb_section][et_pb_section fb_built=\u00a0\u00bb1&Prime; admin_label=\u00a0\u00bbFeatures\u00a0\u00bb _builder_version=\u00a0\u00bb4.27.4&Prime; custom_padding=\u00a0\u00bb145px|0px|221px|0px||\u00a0\u00bb bottom_divider_height=\u00a0\u00bb34px\u00a0\u00bb locked=\u00a0\u00bboff\u00a0\u00bb global_colors_info=\u00a0\u00bb{}\u00a0\u00bb][et_pb_row _builder_version=\u00a0\u00bb4.27.4&Prime; _module_preset=\u00a0\u00bbdefault\u00a0\u00bb background_enable_color=\u00a0\u00bboff\u00a0\u00bb max_width=\u00a0\u00bb1280px\u00a0\u00bb custom_margin=\u00a0\u00bb112px|auto||auto||\u00a0\u00bb animation_style=\u00a0\u00bbfold\u00a0\u00bb animation_direction=\u00a0\u00bbbottom\u00a0\u00bb border_radii=\u00a0\u00bbon|12px|12px|12px|12px\u00a0\u00bb locked=\u00a0\u00bboff\u00a0\u00bb global_colors_info=\u00a0\u00bb{}\u00a0\u00bb][et_pb_column type=\u00a0\u00bb4_4&Prime; _builder_version=\u00a0\u00bb4.27.4&Prime; _module_preset=\u00a0\u00bbdefault\u00a0\u00bb custom_padding=\u00a0\u00bb|||35px|false|false\u00a0\u00bb custom_padding_tablet=\u00a0\u00bb|||35px|false|false\u00a0\u00bb custom_padding_phone=\u00a0\u00bb|14px||14px|false|true\u00a0\u00bb custom_padding_last_edited=\u00a0\u00bbon|phone\u00a0\u00bb global_colors_info=\u00a0\u00bb{}\u00a0\u00bb][et_pb_text content_tablet=\u00a0\u00bb<\/p>\n<h3 data-pm-slice=\"%221\" 1 %91%93%22><span>Terms of use<\/span><\/h3>\n<p><span><strong>In accordance with articles 6-III and 19 of law n\u00b078-17 of January 6, 1978 and the law for Confidence in the Digital Economy.<\/strong><\/span><\/p>\n<div><\/div>\n<h4><span>1. Site editor<\/span><\/h4>\n<ul data-spread=\"%22false%22\">\n<li><span><strong>Name :<\/strong><\/span><span> S\u00e9bastien Desset<\/span><\/li>\n<li><span><strong>Status :<\/strong><\/span><span> Individual<\/span><\/li>\n<li><span><strong>Address:<\/strong><\/span><span> Colmar, France<\/span><\/li>\n<li><span><strong>Email :<\/strong><\/span><span> location.sampigny@gmail.com<\/span><\/li>\n<li><span><strong>Phone :<\/strong><\/span><span> +33 6 36 36 63 76<\/span><\/li>\n<\/ul>\n<h4><span><\/span><\/h4>\n<h4><span>2. Publishing director<\/span><\/h4>\n<p><span>S\u00e9bastien, homeowner.<\/span><\/p>\n<div><\/div>\n<h4><span>3. Site host<\/span><\/h4>\n<ul data-spread=\"%22false%22\">\n<li><span><strong>Name :<\/strong><\/span><span> Hostinger<\/span><\/li>\n<li><span><strong>Address:<\/strong><\/span><span> \u0160vitrigailos str. 34, Vilnius 03230, Lituanie<\/span><\/li>\n<li><span><strong>Phone :<\/strong><\/span><span> +370 645 03378<\/span><\/li>\n<li><span><strong>Website :<\/strong><\/span><span> https:\/\/www.hostinger.com\/fr<\/span><\/li>\n<\/ul>\n<div><\/div>\n<h4><span>4. Credits and design<\/span><\/h4>\n<p><span>Ce site a \u00e9t\u00e9 con\u00e7u avec %91WordPress \/ Divi \/ PHP, JS, CSS%93 et propuls\u00e9 par la conciergerie Hello.BnB.<\/span><\/p>\n<div><\/div>\n<h4><span>From French<\/span><\/h4>\n<p><span>Information collected via forms is processed in accordance with the privacy policy available on the dedicated page.<\/span><\/p>\n<div><\/div>\n<h4><span>6. Cookies<\/span><\/h4>\n<p><span>The site uses cookies to ensure proper operation, measure audience size and improve the user experience. The user may accept or refuse them at any time.<\/span><\/p>\n<div><\/div>\n<h4><span>7. Intellectual property<\/span><\/h4>\n<p><span>Any reproduction, even partial, of the contents of the site is forbidden without prior authorization.<\/span><\/p>\n<div><\/div>\n<h4><span>8. disputes<\/span><\/h4>\n<p><span>In the event of a dispute, French law shall apply. The courts of Mulhouse shall have exclusive jurisdiction.<\/span><\/p>\n<\/p>\n<p>\u00a0\u00bb content_phone=\u00a0\u00bb<\/p>\n<h3 data-pm-slice=\"%221\" 1 %91%93%22><span>Terms of use<\/span><\/h3>\n<p><span><strong>In accordance with articles 6-III and 19 of law n\u00b078-17 of January 6, 1978 and the law for Confidence in the Digital Economy.<\/strong><\/span><\/p>\n<div><\/div>\n<h4><span>1. Site editor<\/span><\/h4>\n<ul data-spread=\"%22false%22\">\n<li><span><strong>Name :<\/strong><\/span><span> S\u00e9bastien Desset<\/span><\/li>\n<li><span><strong>Status :<\/strong><\/span><span> Individual<\/span><\/li>\n<li><span><strong>Address:<\/strong><\/span><span> Colmar, France<\/span><\/li>\n<li><span><strong>Email :<\/strong><\/span><span> location.sampigny@gmail.com<\/span><\/li>\n<li><span><strong>Phone :<\/strong><\/span><span> +33 6 36 36 63 76<\/span><\/li>\n<\/ul>\n<h4><span><\/span><\/h4>\n<h4><span>2. Publishing director<\/span><\/h4>\n<p><span>S\u00e9bastien, homeowner.<\/span><\/p>\n<div><\/div>\n<h4><span>3. Site host<\/span><\/h4>\n<ul data-spread=\"%22false%22\">\n<li><span><strong>Name :<\/strong><\/span><span> Hostinger<\/span><\/li>\n<li><span><strong>Address:<\/strong><\/span><span> \u0160vitrigailos str. 34, Vilnius 03230, Lituanie<\/span><\/li>\n<li><span><strong>Phone :<\/strong><\/span><span> +370 645 03378<\/span><\/li>\n<li><span><strong>Website :<\/strong><\/span><span> https:\/\/www.hostinger.com\/fr<\/span><\/li>\n<\/ul>\n<div><\/div>\n<h4><span>4. Credits and design<\/span><\/h4>\n<p><span>Ce site a \u00e9t\u00e9 con\u00e7u avec %91WordPress \/ Divi \/ PHP, JS, CSS%93 et propuls\u00e9 par la conciergerie Hello.BnB.<\/span><\/p>\n<div><\/div>\n<h4><span>From French<\/span><\/h4>\n<p><span>Information collected via forms is processed in accordance with the privacy policy available on the dedicated page.<\/span><\/p>\n<div><\/div>\n<h4><span>6. Cookies<\/span><\/h4>\n<p><span>The site uses cookies to ensure proper operation, measure audience size and improve the user experience. The user may accept or refuse them at any time.<\/span><\/p>\n<div><\/div>\n<h4><span>7. Intellectual property<\/span><\/h4>\n<p><span>Any reproduction, even partial, of the contents of the site is forbidden without prior authorization.<\/span><\/p>\n<div><\/div>\n<h4><span>8. disputes<\/span><\/h4>\n<p><span>In the event of a dispute, French law shall apply. The courts of Mulhouse shall have exclusive jurisdiction.<\/span><\/p>\n<\/p>\n<p>\u00a0\u00bb content_last_edited=\u00a0\u00bbon|phone\u00a0\u00bb _builder_version=\u00a0\u00bb4.27.4&Prime; text_font=\u00a0\u00bbLato||||||||\u00a0\u00bb text_text_color=\u00a0\u00bb#898f99&Prime; text_font_size=\u00a0\u00bb18px\u00a0\u00bb text_line_height=\u00a0\u00bb1.4em\u00a0\u00bb header_font=\u00a0\u00bb||||||||\u00a0\u00bb header_2_font=\u00a0\u00bbUrbanist|700|||||||\u00a0\u00bb header_2_text_align=\u00a0\u00bbleft\u00a0\u00bb header_2_font_size=\u00a0\u00bb24px\u00a0\u00bb header_2_line_height=\u00a0\u00bb1.5em\u00a0\u00bb max_width=\u00a0\u00bb100%\u00a0\u00bb module_alignment=\u00a0\u00bbcenter\u00a0\u00bb text_line_height_tablet=\u00a0\u00bb1.4em\u00a0\u00bb text_line_height_phone=\u00a0\u00bb1.3em\u00a0\u00bb text_line_height_last_edited=\u00a0\u00bbon|phone\u00a0\u00bb header_2_font_size_tablet=\u00a0\u00bb24px\u00a0\u00bb header_2_font_size_phone=\u00a0\u00bb24px\u00a0\u00bb header_2_font_size_last_edited=\u00a0\u00bbon|phone\u00a0\u00bb header_2_line_height_tablet=\u00a0\u00bb1.5em\u00a0\u00bb header_2_line_height_phone=\u00a0\u00bb1.1em\u00a0\u00bb header_2_line_height_last_edited=\u00a0\u00bbon|phone\u00a0\u00bb text_orientation_tablet=\u00a0\u00bbcenter\u00a0\u00bb text_orientation_phone=\u00a0\u00bbleft\u00a0\u00bb text_orientation_last_edited=\u00a0\u00bbon|phone\u00a0\u00bb locked=\u00a0\u00bboff\u00a0\u00bb global_colors_info=\u00a0\u00bb{}\u00a0\u00bb]<\/p>\n<h2 data-start=\"281\" data-end=\"307\">Conditions d\u2019annulation<\/h2>\n<p data-start=\"309\" data-end=\"347\"><strong data-start=\"309\" data-end=\"347\">Derni\u00e8re mise \u00e0 jour : 3 ao\u00fbt 2025<\/strong><\/p>\n<p data-start=\"349\" data-end=\"571\">Les pr\u00e9sentes conditions d\u2019annulation s\u2019appliquent \u00e0 toute r\u00e9servation effectu\u00e9e sur le site <a data-start=\"442\" data-end=\"488\" class=\"\" rel=\"noopener\" target=\"_new\" href=\"https:\/\/s-capades.com\/en\/\">https:\/\/s-capades.com<\/a>. Elles visent \u00e0 d\u00e9finir les modalit\u00e9s de modification ou d\u2019annulation d\u2019un s\u00e9jour.<\/p>\n<h3 data-start=\"578\" data-end=\"616\">1. Politique d\u2019annulation standard<\/h3>\n<p data-start=\"618\" data-end=\"708\">Sauf mention contraire indiqu\u00e9e lors de la r\u00e9servation, la politique suivante s\u2019applique :<\/p>\n<ul data-start=\"710\" data-end=\"1131\">\n<li data-start=\"710\" data-end=\"851\">\n<p data-start=\"712\" data-end=\"851\"><strong data-start=\"714\" data-end=\"769\">Annulation jusqu\u2019\u00e0 14 jours avant la date d\u2019arriv\u00e9e<\/strong> :<br data-start=\"771\" data-end=\"774\" \/>Remboursement int\u00e9gral du montant pay\u00e9, hors frais de traitement \u00e9ventuels.<\/p>\n<\/li>\n<li data-start=\"853\" data-end=\"994\">\n<p data-start=\"855\" data-end=\"994\"><strong data-start=\"858\" data-end=\"916\">Annulation entre 13 et 7 jours avant la date d\u2019arriv\u00e9e<\/strong> :<br data-start=\"918\" data-end=\"921\" \/>Remboursement \u00e0 hauteur de <strong data-start=\"950\" data-end=\"958\">50 %<\/strong> du montant total de la r\u00e9servation.<\/p>\n<\/li>\n<li data-start=\"996\" data-end=\"1131\">\n<p data-start=\"998\" data-end=\"1131\"><strong data-start=\"1000\" data-end=\"1057\">Annulation \u00e0 moins de 7 jours avant la date d\u2019arriv\u00e9e<\/strong> ou en cas de non-pr\u00e9sentation :<br data-start=\"1089\" data-end=\"1092\" \/>Aucun remboursement ne sera effectu\u00e9.<\/p>\n<\/li>\n<\/ul>\n<h3 data-start=\"1138\" data-end=\"1178\">2. Modalit\u00e9s de demande d\u2019annulation<\/h3>\n<p data-start=\"1180\" data-end=\"1301\">Toute demande d\u2019annulation doit \u00eatre effectu\u00e9e <strong data-start=\"1227\" data-end=\"1240\">par \u00e9crit<\/strong>, \u00e0 l\u2019adresse suivante :<br data-start=\"1264\" data-end=\"1267\" \/><strong data-start=\"1270\" data-end=\"1301\"><a data-start=\"1272\" data-end=\"1299\" class=\"cursor-pointer\" rel=\"noopener\">location.sampigny@gmail.com<\/a><\/strong><\/p>\n<p data-start=\"1303\" data-end=\"1394\">L\u2019annulation ne sera consid\u00e9r\u00e9e comme effective qu\u2019apr\u00e8s confirmation \u00e9crite de notre part.<\/p>\n<h3 data-start=\"1401\" data-end=\"1428\">3. Cas de force majeure<\/h3>\n<p data-start=\"1430\" data-end=\"1785\">En cas d\u2019\u00e9v\u00e9nement exceptionnel ind\u00e9pendant de la volont\u00e9 du locataire (hospitalisation, d\u00e9c\u00e8s d\u2019un proche, catastrophe naturelle, interdiction administrative&#8230;), une demande d\u2019annulation exceptionnelle peut \u00eatre \u00e9tudi\u00e9e.<br data-start=\"1652\" data-end=\"1655\" \/>A <strong data-start=\"1661\" data-end=\"1686\">justificatif officiel<\/strong> pourra \u00eatre exig\u00e9. En cas d\u2019acceptation, un remboursement partiel ou un avoir pourra \u00eatre propos\u00e9.<\/p>\n<h3 data-start=\"1792\" data-end=\"1820\">4. Modification de dates<\/h3>\n<p data-start=\"1822\" data-end=\"1973\">Les modifications de date sont possibles <strong data-start=\"1863\" data-end=\"1896\">sous r\u00e9serve de disponibilit\u00e9<\/strong> et doivent \u00eatre demand\u00e9es <strong data-start=\"1923\" data-end=\"1972\">au plus tard 14 jours avant la date d\u2019arriv\u00e9e<\/strong>.<\/p>\n<ul data-start=\"1975\" data-end=\"2136\">\n<li data-start=\"1975\" data-end=\"2063\">\n<p data-start=\"1977\" data-end=\"2063\">En cas d\u2019impossibilit\u00e9 de reprogrammer, la politique d\u2019annulation standard s\u2019applique.<\/p>\n<\/li>\n<li data-start=\"2064\" data-end=\"2136\">\n<p data-start=\"2066\" data-end=\"2136\">Aucun frais de modification ne sera appliqu\u00e9 en cas de report accept\u00e9.<\/p>\n<\/li>\n<\/ul>\n<h3 data-start=\"2143\" data-end=\"2163\">5. Remboursement<\/h3>\n<ul data-start=\"2165\" data-end=\"2380\">\n<li data-start=\"2165\" data-end=\"2284\">\n<p data-start=\"2167\" data-end=\"2284\">Les remboursements sont effectu\u00e9s dans un d\u00e9lai maximum de <strong data-start=\"2226\" data-end=\"2238\">14 jours<\/strong> \u00e0 compter de la confirmation de l\u2019annulation.<\/p>\n<\/li>\n<li data-start=\"2285\" data-end=\"2380\">\n<p data-start=\"2287\" data-end=\"2380\">Le remboursement sera effectu\u00e9 <strong data-start=\"2318\" data-end=\"2351\">via le m\u00eame moyen de paiement<\/strong> utilis\u00e9 lors de la commande.<\/p>\n<\/li>\n<\/ul>\n<h3 data-start=\"2387\" data-end=\"2410\">6. S\u00e9jours \u00e9court\u00e9s<\/h3>\n<p data-start=\"2412\" data-end=\"2525\">En cas de d\u00e9part anticip\u00e9 du client, <strong data-start=\"2449\" data-end=\"2472\">aucun remboursement<\/strong> ne pourra \u00eatre exig\u00e9 pour les nuit\u00e9es non utilis\u00e9es.<\/p>\n<h3 data-start=\"2532\" data-end=\"2566\">7. S\u00e9jour annul\u00e9 par le loueur<\/h3>\n<p data-start=\"2568\" data-end=\"2688\">En cas d\u2019annulation exceptionnelle du s\u00e9jour par le Loueur (incident technique majeur, indisponibilit\u00e9 impr\u00e9vue, etc.) :<\/p>\n<ul data-start=\"2689\" data-end=\"2897\">\n<li data-start=\"2689\" data-end=\"2744\">\n<p data-start=\"2691\" data-end=\"2744\">Le client sera inform\u00e9 <strong data-start=\"2714\" data-end=\"2743\">dans les meilleurs d\u00e9lais<\/strong>,<\/p>\n<\/li>\n<li data-start=\"2745\" data-end=\"2791\">\n<p data-start=\"2747\" data-end=\"2791\">A <strong data-start=\"2750\" data-end=\"2776\">remboursement int\u00e9gral<\/strong> sera effectu\u00e9,<\/p>\n<\/li>\n<li data-start=\"2792\" data-end=\"2897\">\n<p data-start=\"2794\" data-end=\"2897\">Le Loueur pourra proposer une solution alternative, sans obligation d\u2019acceptation de la part du client.<\/p>\n<\/li>\n<\/ul>\n<p data-start=\"2904\" data-end=\"3045\" data-is-last-node=\"\" data-is-only-node=\"\">\n<p>[\/et_pb_text][\/et_pb_column][\/et_pb_row][\/et_pb_section]<\/p>","protected":false},"excerpt":{"rendered":"<p>Conditions d\u2019annulation Derni\u00e8re mise \u00e0 jour : 3 ao\u00fbt 2025 Les pr\u00e9sentes conditions d\u2019annulation s\u2019appliquent \u00e0 toute r\u00e9servation effectu\u00e9e sur le site https:\/\/s-capades.com. Elles visent \u00e0 d\u00e9finir les modalit\u00e9s de modification ou d\u2019annulation d\u2019un s\u00e9jour. 1. Politique d\u2019annulation standard Sauf mention contraire indiqu\u00e9e lors de la r\u00e9servation, la politique suivante s\u2019applique : Annulation jusqu\u2019\u00e0 14 [&hellip;]<\/p>","protected":false},"author":1,"featured_media":0,"parent":0,"menu_order":0,"comment_status":"closed","ping_status":"closed","template":"","meta":{"_acf_changed":false,"_et_pb_use_builder":"on","_et_pb_old_content":"","_et_gb_content_width":"","footnotes":""},"class_list":["post-20557","page","type-page","status-publish","hentry"],"acf":[],"_links":{"self":[{"href":"https:\/\/s-capades.com\/en\/wp-json\/wp\/v2\/pages\/20557","targetHints":{"allow":["GET"]}}],"collection":[{"href":"https:\/\/s-capades.com\/en\/wp-json\/wp\/v2\/pages"}],"about":[{"href":"https:\/\/s-capades.com\/en\/wp-json\/wp\/v2\/types\/page"}],"author":[{"embeddable":true,"href":"https:\/\/s-capades.com\/en\/wp-json\/wp\/v2\/users\/1"}],"replies":[{"embeddable":true,"href":"https:\/\/s-capades.com\/en\/wp-json\/wp\/v2\/comments?post=20557"}],"version-history":[{"count":2,"href":"https:\/\/s-capades.com\/en\/wp-json\/wp\/v2\/pages\/20557\/revisions"}],"predecessor-version":[{"id":20560,"href":"https:\/\/s-capades.com\/en\/wp-json\/wp\/v2\/pages\/20557\/revisions\/20560"}],"wp:attachment":[{"href":"https:\/\/s-capades.com\/en\/wp-json\/wp\/v2\/media?parent=20557"}],"curies":[{"name":"wp","href":"https:\/\/api.w.org\/{rel}","templated":true}]}}