{"id":20551,"date":"2025-08-03T16:10:00","date_gmt":"2025-08-03T16:10:00","guid":{"rendered":"https:\/\/s-capades.com\/?page_id=20551"},"modified":"2025-08-03T18:16:37","modified_gmt":"2025-08-03T18:16:37","slug":"conditions-generales-de-vente","status":"publish","type":"page","link":"https:\/\/s-capades.com\/en\/conditions-generales-de-vente\/","title":{"rendered":"Conditions G\u00e9n\u00e9rales de Vente"},"content":{"rendered":"<p>[et_pb_section fb_built=\u00a0\u00bb1&Prime; next_background_color=\u00a0\u00bb#ffffff\u00a0\u00bb admin_label=\u00a0\u00bbHero section\u00a0\u00bb _builder_version=\u00a0\u00bb4.27.4&Prime; background_image=\u00a0\u00bbhttps:\/\/s-capades.com\/wp-content\/uploads\/2025\/05\/appartements.png\u00a0\u00bb background_position=\u00a0\u00bbtop_center\u00a0\u00bb custom_margin=\u00a0\u00bb|||\u00a0\u00bb custom_padding=\u00a0\u00bb10%||2.4%|||\u00a0\u00bb bottom_divider_style=\u00a0\u00bbcurve2&Prime; bottom_divider_height=\u00a0\u00bb32px\u00a0\u00bb global_colors_info=\u00a0\u00bb{}\u00a0\u00bb][et_pb_row _builder_version=\u00a0\u00bb4.27.4&Prime; custom_margin=\u00a0\u00bb|||\u00a0\u00bb animation_style=\u00a0\u00bbfade\u00a0\u00bb locked=\u00a0\u00bboff\u00a0\u00bb global_colors_info=\u00a0\u00bb{}\u00a0\u00bb][et_pb_column type=\u00a0\u00bb4_4&Prime; _builder_version=\u00a0\u00bb4.16&Prime; custom_padding=\u00a0\u00bb1px|||\u00a0\u00bb global_colors_info=\u00a0\u00bb{}\u00a0\u00bb custom_padding__hover=\u00a0\u00bb|||\u00a0\u00bb][et_pb_cta title=\u00a0\u00bbConditions G\u00e9n\u00e9rales de Vente (CGV)\u00a0\u00bb button_url=\u00a0\u00bb#\u00a0\u00bb _builder_version=\u00a0\u00bb4.27.4&Prime; header_level=\u00a0\u00bbh1&Prime; header_font=\u00a0\u00bbUrbanist|||on|||||\u00a0\u00bb header_text_align=\u00a0\u00bbcenter\u00a0\u00bb header_font_size=\u00a0\u00bb55px\u00a0\u00bb header_letter_spacing=\u00a0\u00bb2px\u00a0\u00bb header_line_height=\u00a0\u00bb1.2em\u00a0\u00bb body_font=\u00a0\u00bbLato||||||||\u00a0\u00bb body_font_size=\u00a0\u00bb18px\u00a0\u00bb body_line_height=\u00a0\u00bb1.8em\u00a0\u00bb use_background_color=\u00a0\u00bboff\u00a0\u00bb custom_button=\u00a0\u00bbon\u00a0\u00bb button_text_size=\u00a0\u00bb16px\u00a0\u00bb button_text_color=\u00a0\u00bb#ffffff\u00a0\u00bb button_bg_color=\u00a0\u00bb#fa7f28&Prime; button_border_width=\u00a0\u00bb6px\u00a0\u00bb button_border_color=\u00a0\u00bb#fa7f28&Prime; button_border_radius=\u00a0\u00bb5px\u00a0\u00bb button_letter_spacing=\u00a0\u00bb2px\u00a0\u00bb button_font=\u00a0\u00bbLato|900||on|||||\u00a0\u00bb text_orientation=\u00a0\u00bbleft\u00a0\u00bb max_width=\u00a0\u00bb1000%\u00a0\u00bb module_alignment=\u00a0\u00bbleft\u00a0\u00bb custom_margin_tablet=\u00a0\u00bb\u00a0\u00bb custom_margin_phone=\u00a0\u00bb64px||||false|false\u00a0\u00bb custom_margin_last_edited=\u00a0\u00bbon|phone\u00a0\u00bb animation_style=\u00a0\u00bbfold\u00a0\u00bb animation_intensity_fold=\u00a0\u00bb16%\u00a0\u00bb header_font_size_tablet=\u00a0\u00bb46px\u00a0\u00bb header_font_size_phone=\u00a0\u00bb28px\u00a0\u00bb header_font_size_last_edited=\u00a0\u00bbon|phone\u00a0\u00bb header_text_shadow_style=\u00a0\u00bbpreset1&Prime; header_text_shadow_blur_strength=\u00a0\u00bb0.6em\u00a0\u00bb header_text_shadow_color=\u00a0\u00bbrgba(0,0,0,0.6)\u00a0\u00bb box_shadow_style_button=\u00a0\u00bbpreset3&Prime; box_shadow_blur_button=\u00a0\u00bb30px\u00a0\u00bb box_shadow_spread_button=\u00a0\u00bb8px\u00a0\u00bb box_shadow_color_button=\u00a0\u00bbrgba(250,127,40,0.15)\u00a0\u00bb button_letter_spacing_hover=\u00a0\u00bb2px\u00a0\u00bb global_colors_info=\u00a0\u00bb{}\u00a0\u00bb button_text_size__hover_enabled=\u00a0\u00bboff\u00a0\u00bb button_one_text_size__hover_enabled=\u00a0\u00bboff\u00a0\u00bb button_two_text_size__hover_enabled=\u00a0\u00bboff\u00a0\u00bb button_text_color__hover_enabled=\u00a0\u00bboff\u00a0\u00bb button_one_text_color__hover_enabled=\u00a0\u00bboff\u00a0\u00bb button_two_text_color__hover_enabled=\u00a0\u00bboff\u00a0\u00bb button_border_width__hover_enabled=\u00a0\u00bboff\u00a0\u00bb button_one_border_width__hover_enabled=\u00a0\u00bboff\u00a0\u00bb button_two_border_width__hover_enabled=\u00a0\u00bboff\u00a0\u00bb button_border_color__hover_enabled=\u00a0\u00bboff\u00a0\u00bb button_one_border_color__hover_enabled=\u00a0\u00bboff\u00a0\u00bb button_two_border_color__hover_enabled=\u00a0\u00bboff\u00a0\u00bb button_border_radius__hover_enabled=\u00a0\u00bboff\u00a0\u00bb button_one_border_radius__hover_enabled=\u00a0\u00bboff\u00a0\u00bb button_two_border_radius__hover_enabled=\u00a0\u00bboff\u00a0\u00bb button_letter_spacing__hover_enabled=\u00a0\u00bbon\u00a0\u00bb button_letter_spacing__hover=\u00a0\u00bb2px\u00a0\u00bb button_one_letter_spacing__hover_enabled=\u00a0\u00bboff\u00a0\u00bb button_two_letter_spacing__hover_enabled=\u00a0\u00bboff\u00a0\u00bb button_bg_color__hover_enabled=\u00a0\u00bboff\u00a0\u00bb button_one_bg_color__hover_enabled=\u00a0\u00bboff\u00a0\u00bb button_two_bg_color__hover_enabled=\u00a0\u00bboff\u00a0\u00bb][\/et_pb_cta][\/et_pb_column][\/et_pb_row][\/et_pb_section][et_pb_section fb_built=\u00a0\u00bb1&Prime; admin_label=\u00a0\u00bbFeatures\u00a0\u00bb _builder_version=\u00a0\u00bb4.27.4&Prime; custom_padding=\u00a0\u00bb145px|0px|221px|0px||\u00a0\u00bb bottom_divider_height=\u00a0\u00bb34px\u00a0\u00bb locked=\u00a0\u00bboff\u00a0\u00bb global_colors_info=\u00a0\u00bb{}\u00a0\u00bb][et_pb_row _builder_version=\u00a0\u00bb4.27.4&Prime; _module_preset=\u00a0\u00bbdefault\u00a0\u00bb background_enable_color=\u00a0\u00bboff\u00a0\u00bb max_width=\u00a0\u00bb1280px\u00a0\u00bb custom_margin=\u00a0\u00bb112px|auto||auto||\u00a0\u00bb animation_style=\u00a0\u00bbfold\u00a0\u00bb animation_direction=\u00a0\u00bbbottom\u00a0\u00bb border_radii=\u00a0\u00bbon|12px|12px|12px|12px\u00a0\u00bb locked=\u00a0\u00bboff\u00a0\u00bb global_colors_info=\u00a0\u00bb{}\u00a0\u00bb][et_pb_column type=\u00a0\u00bb4_4&Prime; _builder_version=\u00a0\u00bb4.27.4&Prime; _module_preset=\u00a0\u00bbdefault\u00a0\u00bb custom_padding=\u00a0\u00bb|||35px|false|false\u00a0\u00bb custom_padding_tablet=\u00a0\u00bb|||35px|false|false\u00a0\u00bb custom_padding_phone=\u00a0\u00bb|14px||14px|false|true\u00a0\u00bb custom_padding_last_edited=\u00a0\u00bbon|phone\u00a0\u00bb global_colors_info=\u00a0\u00bb{}\u00a0\u00bb][et_pb_text content_tablet=\u00a0\u00bb<\/p>\n<h3 data-pm-slice=\"%221\" 1 %91%93%22><span>Terms of use<\/span><\/h3>\n<p><span><strong>In accordance with articles 6-III and 19 of law n\u00b078-17 of January 6, 1978 and the law for Confidence in the Digital Economy.<\/strong><\/span><\/p>\n<div><\/div>\n<h4><span>1. Site editor<\/span><\/h4>\n<ul data-spread=\"%22false%22\">\n<li><span><strong>Name :<\/strong><\/span><span> S\u00e9bastien Desset<\/span><\/li>\n<li><span><strong>Status :<\/strong><\/span><span> Individual<\/span><\/li>\n<li><span><strong>Address:<\/strong><\/span><span> Colmar, France<\/span><\/li>\n<li><span><strong>Email :<\/strong><\/span><span> location.sampigny@gmail.com<\/span><\/li>\n<li><span><strong>Phone :<\/strong><\/span><span> +33 6 36 36 63 76<\/span><\/li>\n<\/ul>\n<h4><span><\/span><\/h4>\n<h4><span>2. Publishing director<\/span><\/h4>\n<p><span>S\u00e9bastien, homeowner.<\/span><\/p>\n<div><\/div>\n<h4><span>3. Site host<\/span><\/h4>\n<ul data-spread=\"%22false%22\">\n<li><span><strong>Name :<\/strong><\/span><span> Hostinger<\/span><\/li>\n<li><span><strong>Address:<\/strong><\/span><span> \u0160vitrigailos str. 34, Vilnius 03230, Lituanie<\/span><\/li>\n<li><span><strong>Phone :<\/strong><\/span><span> +370 645 03378<\/span><\/li>\n<li><span><strong>Website :<\/strong><\/span><span> https:\/\/www.hostinger.com\/fr<\/span><\/li>\n<\/ul>\n<div><\/div>\n<h4><span>4. Credits and design<\/span><\/h4>\n<p><span>Ce site a \u00e9t\u00e9 con\u00e7u avec %91WordPress \/ Divi \/ PHP, JS, CSS%93 et propuls\u00e9 par la conciergerie Hello.BnB.<\/span><\/p>\n<div><\/div>\n<h4><span>From French<\/span><\/h4>\n<p><span>Information collected via forms is processed in accordance with the privacy policy available on the dedicated page.<\/span><\/p>\n<div><\/div>\n<h4><span>6. Cookies<\/span><\/h4>\n<p><span>The site uses cookies to ensure proper operation, measure audience size and improve the user experience. The user may accept or refuse them at any time.<\/span><\/p>\n<div><\/div>\n<h4><span>7. Intellectual property<\/span><\/h4>\n<p><span>Any reproduction, even partial, of the contents of the site is forbidden without prior authorization.<\/span><\/p>\n<div><\/div>\n<h4><span>8. disputes<\/span><\/h4>\n<p><span>In the event of a dispute, French law shall apply. The courts of Mulhouse shall have exclusive jurisdiction.<\/span><\/p>\n<\/p>\n<p>\u00a0\u00bb content_phone=\u00a0\u00bb<\/p>\n<h3 data-pm-slice=\"%221\" 1 %91%93%22><span>Terms of use<\/span><\/h3>\n<p><span><strong>In accordance with articles 6-III and 19 of law n\u00b078-17 of January 6, 1978 and the law for Confidence in the Digital Economy.<\/strong><\/span><\/p>\n<div><\/div>\n<h4><span>1. Site editor<\/span><\/h4>\n<ul data-spread=\"%22false%22\">\n<li><span><strong>Name :<\/strong><\/span><span> S\u00e9bastien Desset<\/span><\/li>\n<li><span><strong>Status :<\/strong><\/span><span> Individual<\/span><\/li>\n<li><span><strong>Address:<\/strong><\/span><span> Colmar, France<\/span><\/li>\n<li><span><strong>Email :<\/strong><\/span><span> location.sampigny@gmail.com<\/span><\/li>\n<li><span><strong>Phone :<\/strong><\/span><span> +33 6 36 36 63 76<\/span><\/li>\n<\/ul>\n<h4><span><\/span><\/h4>\n<h4><span>2. Publishing director<\/span><\/h4>\n<p><span>S\u00e9bastien, homeowner.<\/span><\/p>\n<div><\/div>\n<h4><span>3. Site host<\/span><\/h4>\n<ul data-spread=\"%22false%22\">\n<li><span><strong>Name :<\/strong><\/span><span> Hostinger<\/span><\/li>\n<li><span><strong>Address:<\/strong><\/span><span> \u0160vitrigailos str. 34, Vilnius 03230, Lituanie<\/span><\/li>\n<li><span><strong>Phone :<\/strong><\/span><span> +370 645 03378<\/span><\/li>\n<li><span><strong>Website :<\/strong><\/span><span> https:\/\/www.hostinger.com\/fr<\/span><\/li>\n<\/ul>\n<div><\/div>\n<h4><span>4. Credits and design<\/span><\/h4>\n<p><span>Ce site a \u00e9t\u00e9 con\u00e7u avec %91WordPress \/ Divi \/ PHP, JS, CSS%93 et propuls\u00e9 par la conciergerie Hello.BnB.<\/span><\/p>\n<div><\/div>\n<h4><span>From French<\/span><\/h4>\n<p><span>Information collected via forms is processed in accordance with the privacy policy available on the dedicated page.<\/span><\/p>\n<div><\/div>\n<h4><span>6. Cookies<\/span><\/h4>\n<p><span>The site uses cookies to ensure proper operation, measure audience size and improve the user experience. The user may accept or refuse them at any time.<\/span><\/p>\n<div><\/div>\n<h4><span>7. Intellectual property<\/span><\/h4>\n<p><span>Any reproduction, even partial, of the contents of the site is forbidden without prior authorization.<\/span><\/p>\n<div><\/div>\n<h4><span>8. disputes<\/span><\/h4>\n<p><span>In the event of a dispute, French law shall apply. The courts of Mulhouse shall have exclusive jurisdiction.<\/span><\/p>\n<\/p>\n<p>\u00a0\u00bb content_last_edited=\u00a0\u00bbon|phone\u00a0\u00bb _builder_version=\u00a0\u00bb4.27.4&Prime; text_font=\u00a0\u00bbLato||||||||\u00a0\u00bb text_text_color=\u00a0\u00bb#898f99&Prime; text_font_size=\u00a0\u00bb18px\u00a0\u00bb text_line_height=\u00a0\u00bb1.4em\u00a0\u00bb header_font=\u00a0\u00bb||||||||\u00a0\u00bb header_2_font=\u00a0\u00bbUrbanist|700|||||||\u00a0\u00bb header_2_text_align=\u00a0\u00bbleft\u00a0\u00bb header_2_font_size=\u00a0\u00bb24px\u00a0\u00bb header_2_line_height=\u00a0\u00bb1.5em\u00a0\u00bb max_width=\u00a0\u00bb100%\u00a0\u00bb module_alignment=\u00a0\u00bbcenter\u00a0\u00bb text_line_height_tablet=\u00a0\u00bb1.4em\u00a0\u00bb text_line_height_phone=\u00a0\u00bb1.3em\u00a0\u00bb text_line_height_last_edited=\u00a0\u00bbon|phone\u00a0\u00bb header_2_font_size_tablet=\u00a0\u00bb24px\u00a0\u00bb header_2_font_size_phone=\u00a0\u00bb24px\u00a0\u00bb header_2_font_size_last_edited=\u00a0\u00bbon|phone\u00a0\u00bb header_2_line_height_tablet=\u00a0\u00bb1.5em\u00a0\u00bb header_2_line_height_phone=\u00a0\u00bb1.1em\u00a0\u00bb header_2_line_height_last_edited=\u00a0\u00bbon|phone\u00a0\u00bb text_orientation_tablet=\u00a0\u00bbcenter\u00a0\u00bb text_orientation_phone=\u00a0\u00bbleft\u00a0\u00bb text_orientation_last_edited=\u00a0\u00bbon|phone\u00a0\u00bb locked=\u00a0\u00bboff\u00a0\u00bb global_colors_info=\u00a0\u00bb{}\u00a0\u00bb]<\/p>\n<h2 data-start=\"304\" data-end=\"342\">Conditions G\u00e9n\u00e9rales de Vente (CGV)<\/h2>\n<p data-start=\"344\" data-end=\"382\"><strong data-start=\"344\" data-end=\"382\">Derni\u00e8re mise \u00e0 jour : 3 ao\u00fbt 2025<\/strong><\/p>\n<p data-start=\"384\" data-end=\"601\">Les pr\u00e9sentes Conditions G\u00e9n\u00e9rales de Vente s\u2019appliquent \u00e0 toutes les r\u00e9servations effectu\u00e9es via le site <a data-start=\"490\" data-end=\"536\" class=\"\" rel=\"noopener\" target=\"_new\" href=\"https:\/\/s-capades.com\/en\/\">https:\/\/s-capades.com<\/a>, op\u00e9r\u00e9 par <strong data-start=\"548\" data-end=\"568\">S\u00e9bastien Desset<\/strong>, ci-apr\u00e8s d\u00e9sign\u00e9 <strong data-start=\"587\" data-end=\"600\">le Loueur<\/strong>.<\/p>\n<h3 data-start=\"608\" data-end=\"633\">1. Identit\u00e9 du Loueur<\/h3>\n<ul data-start=\"634\" data-end=\"842\">\n<li data-start=\"634\" data-end=\"664\">\n<p data-start=\"636\" data-end=\"664\"><strong data-start=\"636\" data-end=\"645\">Name :<\/strong> S\u00e9bastien Desset<\/p>\n<\/li>\n<li data-start=\"665\" data-end=\"729\">\n<p data-start=\"667\" data-end=\"729\"><strong data-start=\"667\" data-end=\"679\">Status :<\/strong> Loueur non professionnel de meubl\u00e9s de tourisme<\/p>\n<\/li>\n<li data-start=\"730\" data-end=\"762\">\n<p data-start=\"732\" data-end=\"762\"><strong data-start=\"732\" data-end=\"745\">Address:<\/strong> Colmar, France<\/p>\n<\/li>\n<li data-start=\"763\" data-end=\"806\">\n<p data-start=\"765\" data-end=\"806\"><strong data-start=\"765\" data-end=\"776\">Email :<\/strong> <a data-start=\"777\" data-end=\"804\" class=\"cursor-pointer\" rel=\"noopener\">location.sampigny@gmail.com<\/a><\/p>\n<\/li>\n<li data-start=\"807\" data-end=\"842\">\n<p data-start=\"809\" data-end=\"842\"><strong data-start=\"809\" data-end=\"824\">Phone :<\/strong> +33 6 36 36 63 76<\/p>\n<\/li>\n<\/ul>\n<h3 data-start=\"849\" data-end=\"872\">2. Objet du contrat<\/h3>\n<p data-start=\"874\" data-end=\"1079\">Les pr\u00e9sentes CGV ont pour objet de d\u00e9finir les droits et obligations des parties dans le cadre de la <strong data-start=\"976\" data-end=\"1032\">r\u00e9servation de logements meubl\u00e9s \u00e0 usage touristique<\/strong>, effectu\u00e9e par le client via le site internet.<\/p>\n<p data-start=\"1081\" data-end=\"1193\">La validation d&rsquo;une commande sur le site implique l&rsquo;acceptation sans r\u00e9serve des pr\u00e9sentes conditions g\u00e9n\u00e9rales.<\/p>\n<h3 data-start=\"1200\" data-end=\"1237\">3. Caract\u00e9ristiques des logements<\/h3>\n<p data-start=\"1239\" data-end=\"1331\">Les logements propos\u00e9s \u00e0 la location sont d\u00e9crits avec la plus grande pr\u00e9cision possible :<\/p>\n<ul data-start=\"1332\" data-end=\"1440\">\n<li data-start=\"1332\" data-end=\"1440\">\n<p data-start=\"1334\" data-end=\"1440\"><strong data-start=\"1334\" data-end=\"1344\">photos<\/strong>, <strong data-start=\"1346\" data-end=\"1362\">descriptions<\/strong>, <strong data-start=\"1364\" data-end=\"1379\">\u00e9quipements<\/strong>, <strong data-start=\"1381\" data-end=\"1404\">capacit\u00e9s d\u2019accueil<\/strong>, <strong data-start=\"1406\" data-end=\"1417\">adresse<\/strong>, <strong data-start=\"1419\" data-end=\"1439\">r\u00e8gles de s\u00e9jour<\/strong>.<\/p>\n<\/li>\n<\/ul>\n<p data-start=\"1442\" data-end=\"1573\">Le Loueur ne saurait \u00eatre tenu responsable d\u2019\u00e9ventuelles diff\u00e9rences mineures de pr\u00e9sentation sans impact sur la qualit\u00e9 du s\u00e9jour.<\/p>\n<h3 data-start=\"1580\" data-end=\"1593\">4. Tarifs<\/h3>\n<p data-start=\"1595\" data-end=\"1677\">Les prix sont indiqu\u00e9s en euros <strong data-start=\"1627\" data-end=\"1659\">toutes taxes comprises (TTC)<\/strong>.<br data-start=\"1660\" data-end=\"1663\" \/>Ils incluent :<\/p>\n<ul data-start=\"1678\" data-end=\"1894\">\n<li data-start=\"1678\" data-end=\"1721\">\n<p data-start=\"1680\" data-end=\"1721\">l\u2019h\u00e9bergement pour la dur\u00e9e s\u00e9lectionn\u00e9e,<\/p>\n<\/li>\n<li data-start=\"1722\" data-end=\"1775\">\n<p data-start=\"1724\" data-end=\"1775\">les charges courantes (eau, \u00e9lectricit\u00e9, internet),<\/p>\n<\/li>\n<li data-start=\"1776\" data-end=\"1809\">\n<p data-start=\"1778\" data-end=\"1809\">le linge de lit et de toilette,<\/p>\n<\/li>\n<li data-start=\"1810\" data-end=\"1854\">\n<p data-start=\"1812\" data-end=\"1854\">les frais de m\u00e9nage (s\u2019ils sont pr\u00e9cis\u00e9s),<\/p>\n<\/li>\n<li data-start=\"1855\" data-end=\"1894\">\n<p data-start=\"1857\" data-end=\"1894\">la <strong data-start=\"1860\" data-end=\"1878\">taxe de s\u00e9jour<\/strong>, si applicable.<\/p>\n<\/li>\n<\/ul>\n<p data-start=\"1896\" data-end=\"1954\">Le prix total est affich\u00e9 avant validation de la commande.<\/p>\n<h3 data-start=\"1961\" data-end=\"1980\">5. R\u00e9servations<\/h3>\n<p data-start=\"1982\" data-end=\"2104\">Les r\u00e9servations s\u2019effectuent directement sur le site via une interface de commande WooCommerce.<br data-start=\"2078\" data-end=\"2081\" \/>Le processus comprend :<\/p>\n<ol data-start=\"2105\" data-end=\"2279\">\n<li data-start=\"2105\" data-end=\"2164\">\n<p data-start=\"2108\" data-end=\"2164\">S\u00e9lection du logement, des dates, du nombre de voyageurs<\/p>\n<\/li>\n<li data-start=\"2165\" data-end=\"2207\">\n<p data-start=\"2168\" data-end=\"2207\">Validation du r\u00e9capitulatif de commande<\/p>\n<\/li>\n<li data-start=\"2208\" data-end=\"2239\">\n<p data-start=\"2211\" data-end=\"2239\">Paiement s\u00e9curis\u00e9 via Stripe<\/p>\n<\/li>\n<li data-start=\"2240\" data-end=\"2279\">\n<p data-start=\"2243\" data-end=\"2279\">R\u00e9ception d\u2019un email de confirmation<\/p>\n<\/li>\n<\/ol>\n<p data-start=\"2281\" data-end=\"2370\">La r\u00e9servation est consid\u00e9r\u00e9e comme <strong data-start=\"2317\" data-end=\"2369\">ferme et d\u00e9finitive d\u00e8s la r\u00e9ception du paiement<\/strong>.<\/p>\n<h3 data-start=\"2377\" data-end=\"2392\">6. Paiement<\/h3>\n<p data-start=\"2394\" data-end=\"2568\">Les paiements sont effectu\u00e9s par <strong data-start=\"2427\" data-end=\"2456\">carte bancaire via Stripe<\/strong>, en une seule fois.<br data-start=\"2476\" data-end=\"2479\" \/>Le d\u00e9bit est imm\u00e9diat et s\u00e9curis\u00e9. Aucune information bancaire n\u2019est stock\u00e9e par le site.<\/p>\n<p data-start=\"2570\" data-end=\"2653\">A <strong data-start=\"2574\" data-end=\"2585\">facture<\/strong> est automatiquement g\u00e9n\u00e9r\u00e9e et envoy\u00e9e \u00e0 l\u2019adresse email du client.<\/p>\n<h3 data-start=\"2660\" data-end=\"2674\">7. Caution<\/h3>\n<p data-start=\"2676\" data-end=\"2847\">A <strong data-start=\"2680\" data-end=\"2702\">empreinte bancaire<\/strong> peut \u00eatre effectu\u00e9e<strong data-start=\"2723\" data-end=\"2753\">\u00a0pendant le s\u00e9jour<\/strong>, pour couvrir d\u2019\u00e9ventuels dommages ou manquements au r\u00e8glement int\u00e9rieur.<br data-start=\"2827\" data-end=\"2830\" \/>Cette empreinte :<\/p>\n<ul data-start=\"2848\" data-end=\"2979\">\n<li data-start=\"2848\" data-end=\"2896\">\n<p data-start=\"2850\" data-end=\"2896\">est effectu\u00e9e via Stripe, sans d\u00e9bit imm\u00e9diat,<\/p>\n<\/li>\n<li data-start=\"2897\" data-end=\"2979\">\n<p data-start=\"2899\" data-end=\"2979\">est automatiquement <strong data-start=\"2919\" data-end=\"2954\">lib\u00e9r\u00e9e 7 jours apr\u00e8s le d\u00e9part<\/strong>, sauf incident constat\u00e9.<\/p>\n<\/li>\n<\/ul>\n<p data-start=\"2981\" data-end=\"3055\">Le montant est pr\u00e9cis\u00e9 dans la fiche logement ou au moment de la commande.<\/p>\n<h3 data-start=\"3062\" data-end=\"3092\">8. Conditions d\u2019annulation<\/h3>\n<p data-start=\"3094\" data-end=\"3142\">Les conditions d\u2019annulation sont les suivantes :<\/p>\n<ul data-start=\"3144\" data-end=\"3373\">\n<li data-start=\"3144\" data-end=\"3221\">\n<p data-start=\"3146\" data-end=\"3221\"><strong data-start=\"3146\" data-end=\"3193\">Annulation jusqu\u2019\u00e0 14 jours avant l\u2019arriv\u00e9e<\/strong> : remboursement int\u00e9gral.<\/p>\n<\/li>\n<li data-start=\"3222\" data-end=\"3300\">\n<p data-start=\"3224\" data-end=\"3300\"><strong data-start=\"3224\" data-end=\"3274\">Annulation entre 13 et 7 jours avant l\u2019arriv\u00e9e<\/strong> : remboursement \u00e0 50 %.<\/p>\n<\/li>\n<li data-start=\"3301\" data-end=\"3373\">\n<p data-start=\"3303\" data-end=\"3373\"><strong data-start=\"3303\" data-end=\"3350\">Annulation moins de 7 jours avant l\u2019arriv\u00e9e<\/strong> : aucun remboursement.<\/p>\n<\/li>\n<\/ul>\n<p data-start=\"3375\" data-end=\"3462\">Toute demande d\u2019annulation doit \u00eatre adress\u00e9e par email \u00e0 : <a data-start=\"3435\" data-end=\"3462\" class=\"cursor-pointer\" rel=\"noopener\">location.sampigny@gmail.com<\/a><\/p>\n<h3 data-start=\"3469\" data-end=\"3492\">9. Arriv\u00e9e \u2013 D\u00e9part<\/h3>\n<ul data-start=\"3494\" data-end=\"3559\">\n<li data-start=\"3494\" data-end=\"3525\">\n<p data-start=\"3496\" data-end=\"3525\"><strong data-start=\"3496\" data-end=\"3525\">Arriv\u00e9e \u00e0 partir de 16h00<\/strong><\/p>\n<\/li>\n<li data-start=\"3526\" data-end=\"3559\">\n<p data-start=\"3528\" data-end=\"3559\"><strong data-start=\"3528\" data-end=\"3559\">D\u00e9part au plus tard \u00e0 11h00<\/strong><\/p>\n<\/li>\n<\/ul>\n<p data-start=\"3561\" data-end=\"3707\">Les instructions d\u2019acc\u00e8s sont envoy\u00e9es par email avant le s\u00e9jour.<br data-start=\"3626\" data-end=\"3629\" \/>Tout d\u00e9part tardif non autoris\u00e9 peut donner lieu \u00e0 une retenue sur la caution.<\/p>\n<h3 data-start=\"3714\" data-end=\"3743\">10. Obligations du client<\/h3>\n<p data-start=\"3745\" data-end=\"3767\">Le client s\u2019engage \u00e0 :<\/p>\n<ul data-start=\"3768\" data-end=\"3974\">\n<li data-start=\"3768\" data-end=\"3808\">\n<p data-start=\"3770\" data-end=\"3808\">utiliser paisiblement les lieux lou\u00e9s,<\/p>\n<\/li>\n<li data-start=\"3809\" data-end=\"3860\">\n<p data-start=\"3811\" data-end=\"3860\">respecter les r\u00e8gles du logement et du voisinage,<\/p>\n<\/li>\n<li data-start=\"3861\" data-end=\"3911\">\n<p data-start=\"3863\" data-end=\"3911\">ne pas d\u00e9passer le nombre de personnes autoris\u00e9,<\/p>\n<\/li>\n<li data-start=\"3912\" data-end=\"3974\">\n<p data-start=\"3914\" data-end=\"3974\">ne pas organiser de f\u00eates ou d\u2019\u00e9v\u00e9nements sans autorisation.<\/p>\n<\/li>\n<\/ul>\n<p data-start=\"3976\" data-end=\"4069\">Le non-respect de ces engagements peut entra\u00eener l\u2019interruption du s\u00e9jour sans remboursement.<\/p>\n<h3 data-start=\"4076\" data-end=\"4098\">11. Responsabilit\u00e9<\/h3>\n<p data-start=\"4100\" data-end=\"4144\">Le Loueur ne saurait \u00eatre tenu responsable :<\/p>\n<ul data-start=\"4145\" data-end=\"4399\">\n<li data-start=\"4145\" data-end=\"4236\">\n<p data-start=\"4147\" data-end=\"4236\">en cas d\u2019interruption du service (eau, \u00e9lectricit\u00e9, internet) ind\u00e9pendante de sa volont\u00e9,<\/p>\n<\/li>\n<li data-start=\"4237\" data-end=\"4301\">\n<p data-start=\"4239\" data-end=\"4301\">en cas de vol, perte ou dommage affectant les biens du client,<\/p>\n<\/li>\n<li data-start=\"4302\" data-end=\"4399\">\n<p data-start=\"4304\" data-end=\"4399\">en cas d\u2019erreurs ou omissions dans les informations fournies par le client lors de la commande.<\/p>\n<\/li>\n<\/ul>\n<h3 data-start=\"4406\" data-end=\"4427\">12. Force majeure<\/h3>\n<p data-start=\"4429\" data-end=\"4655\">En cas de circonstances exceptionnelles rendant le s\u00e9jour impossible (catastrophes, confinement, interdiction administrative), les parties s\u2019engagent \u00e0 trouver un arrangement \u00e9quitable (report, avoir ou remboursement partiel).<\/p>\n<h3 data-start=\"4662\" data-end=\"4690\">13. Donn\u00e9es personnelles<\/h3>\n<p data-start=\"4692\" data-end=\"4905\">Les donn\u00e9es collect\u00e9es sont trait\u00e9es conform\u00e9ment \u00e0 la <a data-start=\"4747\" data-end=\"4829\" rel=\"noopener\" target=\"_new\" class=\"cursor-pointer\">politique de confidentialit\u00e9<\/a>.<br data-start=\"4830\" data-end=\"4833\" \/>Le client peut \u00e0 tout moment acc\u00e9der, corriger ou supprimer ses donn\u00e9es.<\/p>\n<h3 data-start=\"4912\" data-end=\"4944\">14. Propri\u00e9t\u00e9 intellectuelle<\/h3>\n<p data-start=\"4946\" data-end=\"5104\">L\u2019ensemble du contenu du site est prot\u00e9g\u00e9 par le droit d\u2019auteur. Toute reproduction, totale ou partielle, sans autorisation \u00e9crite, est strictement interdite.<\/p>\n<h3 data-start=\"5111\" data-end=\"5145\">15. Droit applicable \u2013 Litiges<\/h3>\n<p data-start=\"5147\" data-end=\"5342\">Le pr\u00e9sent contrat est r\u00e9gi par le <strong data-start=\"5182\" data-end=\"5200\">droit fran\u00e7ais<\/strong>.<br data-start=\"5201\" data-end=\"5204\" \/>En cas de litige, les parties chercheront d\u2019abord un r\u00e8glement amiable.<br data-start=\"5275\" data-end=\"5278\" \/>\u00c0 d\u00e9faut, <strong data-start=\"5288\" data-end=\"5317\">les tribunaux de Mulhouse<\/strong> seront seuls comp\u00e9tents.<\/p>\n<p>[\/et_pb_text][\/et_pb_column][\/et_pb_row][\/et_pb_section]<\/p>","protected":false},"excerpt":{"rendered":"<p>Conditions G\u00e9n\u00e9rales de Vente (CGV) Derni\u00e8re mise \u00e0 jour : 3 ao\u00fbt 2025 Les pr\u00e9sentes Conditions G\u00e9n\u00e9rales de Vente s\u2019appliquent \u00e0 toutes les r\u00e9servations effectu\u00e9es via le site https:\/\/s-capades.com, op\u00e9r\u00e9 par S\u00e9bastien Desset, ci-apr\u00e8s d\u00e9sign\u00e9 le Loueur. 1. Identit\u00e9 du Loueur Nom : S\u00e9bastien Desset Statut : Loueur non professionnel de meubl\u00e9s de tourisme Adresse [&hellip;]<\/p>","protected":false},"author":1,"featured_media":0,"parent":0,"menu_order":0,"comment_status":"closed","ping_status":"closed","template":"","meta":{"_acf_changed":false,"_et_pb_use_builder":"on","_et_pb_old_content":"","_et_gb_content_width":"","footnotes":""},"class_list":["post-20551","page","type-page","status-publish","hentry"],"acf":[],"_links":{"self":[{"href":"https:\/\/s-capades.com\/en\/wp-json\/wp\/v2\/pages\/20551","targetHints":{"allow":["GET"]}}],"collection":[{"href":"https:\/\/s-capades.com\/en\/wp-json\/wp\/v2\/pages"}],"about":[{"href":"https:\/\/s-capades.com\/en\/wp-json\/wp\/v2\/types\/page"}],"author":[{"embeddable":true,"href":"https:\/\/s-capades.com\/en\/wp-json\/wp\/v2\/users\/1"}],"replies":[{"embeddable":true,"href":"https:\/\/s-capades.com\/en\/wp-json\/wp\/v2\/comments?post=20551"}],"version-history":[{"count":3,"href":"https:\/\/s-capades.com\/en\/wp-json\/wp\/v2\/pages\/20551\/revisions"}],"predecessor-version":[{"id":20556,"href":"https:\/\/s-capades.com\/en\/wp-json\/wp\/v2\/pages\/20551\/revisions\/20556"}],"wp:attachment":[{"href":"https:\/\/s-capades.com\/en\/wp-json\/wp\/v2\/media?parent=20551"}],"curies":[{"name":"wp","href":"https:\/\/api.w.org\/{rel}","templated":true}]}}