{"id":18919,"date":"2025-05-22T11:40:23","date_gmt":"2025-05-22T11:40:23","guid":{"rendered":"https:\/\/s-capades.com\/?page_id=18919"},"modified":"2025-08-07T21:11:11","modified_gmt":"2025-08-07T21:11:11","slug":"mentions-legales","status":"publish","type":"page","link":"https:\/\/s-capades.com\/en\/mentions-legales\/","title":{"rendered":"Terms of use"},"content":{"rendered":"<p>[et_pb_section fb_built=\u00a0\u00bb1&Prime; next_background_color=\u00a0\u00bb#ffffff\u00a0\u00bb admin_label=\u00a0\u00bbHero section\u00a0\u00bb _builder_version=\u00a0\u00bb4.27.4&Prime; background_image=\u00a0\u00bbhttps:\/\/s-capades.com\/wp-content\/uploads\/2025\/05\/appartements.png\u00a0\u00bb background_position=\u00a0\u00bbtop_center\u00a0\u00bb custom_margin=\u00a0\u00bb|||\u00a0\u00bb custom_padding=\u00a0\u00bb10%||2.4%|||\u00a0\u00bb bottom_divider_style=\u00a0\u00bbcurve2&Prime; bottom_divider_height=\u00a0\u00bb32px\u00a0\u00bb global_colors_info=\u00a0\u00bb{}\u00a0\u00bb][et_pb_row _builder_version=\u00a0\u00bb4.27.4&Prime; custom_margin=\u00a0\u00bb|||\u00a0\u00bb animation_style=\u00a0\u00bbfade\u00a0\u00bb locked=\u00a0\u00bboff\u00a0\u00bb global_colors_info=\u00a0\u00bb{}\u00a0\u00bb][et_pb_column type=\u00a0\u00bb4_4&Prime; _builder_version=\u00a0\u00bb4.16&Prime; custom_padding=\u00a0\u00bb1px|||\u00a0\u00bb global_colors_info=\u00a0\u00bb{}\u00a0\u00bb custom_padding__hover=\u00a0\u00bb|||\u00a0\u00bb][et_pb_cta title=\u00a0\u00bbMentions l\u00e9gales\u00a0\u00bb button_url=\u00a0\u00bb#\u00a0\u00bb _builder_version=\u00a0\u00bb4.27.4&Prime; header_level=\u00a0\u00bbh1&Prime; header_font=\u00a0\u00bbUrbanist|||on|||||\u00a0\u00bb header_text_align=\u00a0\u00bbcenter\u00a0\u00bb header_font_size=\u00a0\u00bb55px\u00a0\u00bb header_letter_spacing=\u00a0\u00bb2px\u00a0\u00bb header_line_height=\u00a0\u00bb1.2em\u00a0\u00bb body_font=\u00a0\u00bbLato||||||||\u00a0\u00bb body_font_size=\u00a0\u00bb18px\u00a0\u00bb body_line_height=\u00a0\u00bb1.8em\u00a0\u00bb use_background_color=\u00a0\u00bboff\u00a0\u00bb custom_button=\u00a0\u00bbon\u00a0\u00bb button_text_size=\u00a0\u00bb16px\u00a0\u00bb button_text_color=\u00a0\u00bb#ffffff\u00a0\u00bb button_bg_color=\u00a0\u00bb#fa7f28&Prime; button_border_width=\u00a0\u00bb6px\u00a0\u00bb button_border_color=\u00a0\u00bb#fa7f28&Prime; button_border_radius=\u00a0\u00bb5px\u00a0\u00bb button_letter_spacing=\u00a0\u00bb2px\u00a0\u00bb button_font=\u00a0\u00bbLato|900||on|||||\u00a0\u00bb text_orientation=\u00a0\u00bbleft\u00a0\u00bb max_width=\u00a0\u00bb1000%\u00a0\u00bb module_alignment=\u00a0\u00bbleft\u00a0\u00bb custom_margin_tablet=\u00a0\u00bb\u00a0\u00bb custom_margin_phone=\u00a0\u00bb64px||||false|false\u00a0\u00bb custom_margin_last_edited=\u00a0\u00bbon|phone\u00a0\u00bb animation_style=\u00a0\u00bbfold\u00a0\u00bb animation_intensity_fold=\u00a0\u00bb16%\u00a0\u00bb header_font_size_tablet=\u00a0\u00bb46px\u00a0\u00bb header_font_size_phone=\u00a0\u00bb28px\u00a0\u00bb header_font_size_last_edited=\u00a0\u00bbon|phone\u00a0\u00bb header_text_shadow_style=\u00a0\u00bbpreset1&Prime; header_text_shadow_blur_strength=\u00a0\u00bb0.6em\u00a0\u00bb header_text_shadow_color=\u00a0\u00bbrgba(0,0,0,0.6)\u00a0\u00bb box_shadow_style_button=\u00a0\u00bbpreset3&Prime; box_shadow_blur_button=\u00a0\u00bb30px\u00a0\u00bb box_shadow_spread_button=\u00a0\u00bb8px\u00a0\u00bb box_shadow_color_button=\u00a0\u00bbrgba(250,127,40,0.15)\u00a0\u00bb button_letter_spacing_hover=\u00a0\u00bb2px\u00a0\u00bb global_colors_info=\u00a0\u00bb{}\u00a0\u00bb button_text_size__hover_enabled=\u00a0\u00bboff\u00a0\u00bb button_one_text_size__hover_enabled=\u00a0\u00bboff\u00a0\u00bb button_two_text_size__hover_enabled=\u00a0\u00bboff\u00a0\u00bb button_text_color__hover_enabled=\u00a0\u00bboff\u00a0\u00bb button_one_text_color__hover_enabled=\u00a0\u00bboff\u00a0\u00bb button_two_text_color__hover_enabled=\u00a0\u00bboff\u00a0\u00bb button_border_width__hover_enabled=\u00a0\u00bboff\u00a0\u00bb button_one_border_width__hover_enabled=\u00a0\u00bboff\u00a0\u00bb button_two_border_width__hover_enabled=\u00a0\u00bboff\u00a0\u00bb button_border_color__hover_enabled=\u00a0\u00bboff\u00a0\u00bb button_one_border_color__hover_enabled=\u00a0\u00bboff\u00a0\u00bb button_two_border_color__hover_enabled=\u00a0\u00bboff\u00a0\u00bb button_border_radius__hover_enabled=\u00a0\u00bboff\u00a0\u00bb button_one_border_radius__hover_enabled=\u00a0\u00bboff\u00a0\u00bb button_two_border_radius__hover_enabled=\u00a0\u00bboff\u00a0\u00bb button_letter_spacing__hover_enabled=\u00a0\u00bbon\u00a0\u00bb button_letter_spacing__hover=\u00a0\u00bb2px\u00a0\u00bb button_one_letter_spacing__hover_enabled=\u00a0\u00bboff\u00a0\u00bb button_two_letter_spacing__hover_enabled=\u00a0\u00bboff\u00a0\u00bb button_bg_color__hover_enabled=\u00a0\u00bboff\u00a0\u00bb button_one_bg_color__hover_enabled=\u00a0\u00bboff\u00a0\u00bb button_two_bg_color__hover_enabled=\u00a0\u00bboff\u00a0\u00bb][\/et_pb_cta][\/et_pb_column][\/et_pb_row][\/et_pb_section][et_pb_section fb_built=\u00a0\u00bb1&Prime; admin_label=\u00a0\u00bbFeatures\u00a0\u00bb _builder_version=\u00a0\u00bb4.27.4&Prime; custom_padding=\u00a0\u00bb145px|0px|221px|0px||\u00a0\u00bb bottom_divider_height=\u00a0\u00bb34px\u00a0\u00bb locked=\u00a0\u00bboff\u00a0\u00bb global_colors_info=\u00a0\u00bb{}\u00a0\u00bb][et_pb_row _builder_version=\u00a0\u00bb4.27.4&Prime; _module_preset=\u00a0\u00bbdefault\u00a0\u00bb background_enable_color=\u00a0\u00bboff\u00a0\u00bb max_width=\u00a0\u00bb1280px\u00a0\u00bb custom_margin=\u00a0\u00bb112px|auto||auto||\u00a0\u00bb animation_style=\u00a0\u00bbfold\u00a0\u00bb animation_direction=\u00a0\u00bbbottom\u00a0\u00bb border_radii=\u00a0\u00bbon|12px|12px|12px|12px\u00a0\u00bb locked=\u00a0\u00bboff\u00a0\u00bb global_colors_info=\u00a0\u00bb{}\u00a0\u00bb][et_pb_column type=\u00a0\u00bb4_4&Prime; _builder_version=\u00a0\u00bb4.27.4&Prime; _module_preset=\u00a0\u00bbdefault\u00a0\u00bb custom_padding=\u00a0\u00bb|||35px|false|false\u00a0\u00bb custom_padding_tablet=\u00a0\u00bb|||35px|false|false\u00a0\u00bb custom_padding_phone=\u00a0\u00bb|14px||14px|false|true\u00a0\u00bb custom_padding_last_edited=\u00a0\u00bbon|phone\u00a0\u00bb global_colors_info=\u00a0\u00bb{}\u00a0\u00bb][et_pb_text content_tablet=\u00a0\u00bb<\/p>\n<h3 data-pm-slice=\"%221\" 1 %91%93%22><span>Terms of use<\/span><\/h3>\n<p><span><strong>In accordance with articles 6-III and 19 of law n\u00b078-17 of January 6, 1978 and the law for Confidence in the Digital Economy.<\/strong><\/span><\/p>\n<div><\/div>\n<h4><span>1. Site editor<\/span><\/h4>\n<ul data-spread=\"%22false%22\">\n<li><span><strong>Name :<\/strong><\/span><span> S\u00e9bastien Desset<\/span><\/li>\n<li><span><strong>Status :<\/strong><\/span><span> Individual<\/span><\/li>\n<li><span><strong>Address:<\/strong><\/span><span> Colmar, France<\/span><\/li>\n<li><span><strong>Email :<\/strong><\/span><span> location.sampigny@gmail.com<\/span><\/li>\n<li><span><strong>Phone :<\/strong><\/span><span> +33 6 36 36 63 76<\/span><\/li>\n<\/ul>\n<h4><span><\/span><\/h4>\n<h4><span>2. Publishing director<\/span><\/h4>\n<p><span>S\u00e9bastien, homeowner.<\/span><\/p>\n<div><\/div>\n<h4><span>3. Site host<\/span><\/h4>\n<ul data-spread=\"%22false%22\">\n<li><span><strong>Name :<\/strong><\/span><span> Hostinger<\/span><\/li>\n<li><span><strong>Address:<\/strong><\/span><span> \u0160vitrigailos str. 34, Vilnius 03230, Lituanie<\/span><\/li>\n<li><span><strong>Phone :<\/strong><\/span><span> +370 645 03378<\/span><\/li>\n<li><span><strong>Website :<\/strong><\/span><span> https:\/\/www.hostinger.com\/fr<\/span><\/li>\n<\/ul>\n<div><\/div>\n<h4><span>4. Credits and design<\/span><\/h4>\n<p><span>Ce site a \u00e9t\u00e9 con\u00e7u avec %91WordPress \/ Divi \/ PHP, JS, CSS%93 et propuls\u00e9 par la conciergerie Hello.BnB.<\/span><\/p>\n<div><\/div>\n<h4><span>From French<\/span><\/h4>\n<p><span>Information collected via forms is processed in accordance with the privacy policy available on the dedicated page.<\/span><\/p>\n<div><\/div>\n<h4><span>6. Cookies<\/span><\/h4>\n<p><span>The site uses cookies to ensure proper operation, measure audience size and improve the user experience. The user may accept or refuse them at any time.<\/span><\/p>\n<div><\/div>\n<h4><span>7. Intellectual property<\/span><\/h4>\n<p><span>Any reproduction, even partial, of the contents of the site is forbidden without prior authorization.<\/span><\/p>\n<div><\/div>\n<h4><span>8. disputes<\/span><\/h4>\n<p><span>In the event of a dispute, French law shall apply. The courts of Mulhouse shall have exclusive jurisdiction.<\/span><\/p>\n<\/p>\n<p>\u00a0\u00bb content_phone=\u00a0\u00bb<\/p>\n<h3 data-pm-slice=\"%221\" 1 %91%93%22><span>Terms of use<\/span><\/h3>\n<p><span><strong>In accordance with articles 6-III and 19 of law n\u00b078-17 of January 6, 1978 and the law for Confidence in the Digital Economy.<\/strong><\/span><\/p>\n<div><\/div>\n<h4><span>1. Site editor<\/span><\/h4>\n<ul data-spread=\"%22false%22\">\n<li><span><strong>Name :<\/strong><\/span><span> S\u00e9bastien Desset<\/span><\/li>\n<li><span><strong>Status :<\/strong><\/span><span> Individual<\/span><\/li>\n<li><span><strong>Address:<\/strong><\/span><span> Colmar, France<\/span><\/li>\n<li><span><strong>Email :<\/strong><\/span><span> location.sampigny@gmail.com<\/span><\/li>\n<li><span><strong>Phone :<\/strong><\/span><span> +33 6 36 36 63 76<\/span><\/li>\n<\/ul>\n<h4><span><\/span><\/h4>\n<h4><span>2. Publishing director<\/span><\/h4>\n<p><span>S\u00e9bastien, homeowner.<\/span><\/p>\n<div><\/div>\n<h4><span>3. Site host<\/span><\/h4>\n<ul data-spread=\"%22false%22\">\n<li><span><strong>Name :<\/strong><\/span><span> Hostinger<\/span><\/li>\n<li><span><strong>Address:<\/strong><\/span><span> \u0160vitrigailos str. 34, Vilnius 03230, Lituanie<\/span><\/li>\n<li><span><strong>Phone :<\/strong><\/span><span> +370 645 03378<\/span><\/li>\n<li><span><strong>Website :<\/strong><\/span><span> https:\/\/www.hostinger.com\/fr<\/span><\/li>\n<\/ul>\n<div><\/div>\n<h4><span>4. Credits and design<\/span><\/h4>\n<p><span>Ce site a \u00e9t\u00e9 con\u00e7u avec %91WordPress \/ Divi \/ PHP, JS, CSS%93 et propuls\u00e9 par la conciergerie Hello.BnB.<\/span><\/p>\n<div><\/div>\n<h4><span>From French<\/span><\/h4>\n<p><span>Information collected via forms is processed in accordance with the privacy policy available on the dedicated page.<\/span><\/p>\n<div><\/div>\n<h4><span>6. Cookies<\/span><\/h4>\n<p><span>The site uses cookies to ensure proper operation, measure audience size and improve the user experience. The user may accept or refuse them at any time.<\/span><\/p>\n<div><\/div>\n<h4><span>7. Intellectual property<\/span><\/h4>\n<p><span>Any reproduction, even partial, of the contents of the site is forbidden without prior authorization.<\/span><\/p>\n<div><\/div>\n<h4><span>8. disputes<\/span><\/h4>\n<p><span>In the event of a dispute, French law shall apply. The courts of Mulhouse shall have exclusive jurisdiction.<\/span><\/p>\n<\/p>\n<p>\u00a0\u00bb content_last_edited=\u00a0\u00bbon|phone\u00a0\u00bb _builder_version=\u00a0\u00bb4.27.4&Prime; text_font=\u00a0\u00bbLato||||||||\u00a0\u00bb text_text_color=\u00a0\u00bb#898f99&Prime; text_font_size=\u00a0\u00bb18px\u00a0\u00bb text_line_height=\u00a0\u00bb1.4em\u00a0\u00bb header_font=\u00a0\u00bb||||||||\u00a0\u00bb header_2_font=\u00a0\u00bbUrbanist|700|||||||\u00a0\u00bb header_2_text_align=\u00a0\u00bbleft\u00a0\u00bb header_2_font_size=\u00a0\u00bb24px\u00a0\u00bb header_2_line_height=\u00a0\u00bb1.5em\u00a0\u00bb max_width=\u00a0\u00bb100%\u00a0\u00bb module_alignment=\u00a0\u00bbcenter\u00a0\u00bb text_line_height_tablet=\u00a0\u00bb1.4em\u00a0\u00bb text_line_height_phone=\u00a0\u00bb1.3em\u00a0\u00bb text_line_height_last_edited=\u00a0\u00bbon|phone\u00a0\u00bb header_2_font_size_tablet=\u00a0\u00bb24px\u00a0\u00bb header_2_font_size_phone=\u00a0\u00bb24px\u00a0\u00bb header_2_font_size_last_edited=\u00a0\u00bbon|phone\u00a0\u00bb header_2_line_height_tablet=\u00a0\u00bb1.5em\u00a0\u00bb header_2_line_height_phone=\u00a0\u00bb1.1em\u00a0\u00bb header_2_line_height_last_edited=\u00a0\u00bbon|phone\u00a0\u00bb text_orientation_tablet=\u00a0\u00bbcenter\u00a0\u00bb text_orientation_phone=\u00a0\u00bbleft\u00a0\u00bb text_orientation_last_edited=\u00a0\u00bbon|phone\u00a0\u00bb locked=\u00a0\u00bboff\u00a0\u00bb global_colors_info=\u00a0\u00bb{}\u00a0\u00bb]<\/p>\n<h2 data-start=\"388\" data-end=\"407\">Terms of use<\/h2>\n<p data-start=\"409\" data-end=\"663\"><strong data-start=\"409\" data-end=\"531\">Conform\u00e9ment aux articles 6-III et 19 de la Loi n\u00b02004-575 du 21 juin 2004 pour la Confiance dans l\u2019\u00e9conomie num\u00e9rique<\/strong>, ainsi qu\u2019aux dispositions des lois n\u00b078-17 du 6 janvier 1978 et du RGPD (UE 2016\/679), nous vous informons des \u00e9l\u00e9ments suivants :<\/p>\n<h3 data-start=\"670\" data-end=\"692\">1. Site editor<\/h3>\n<ul data-start=\"694\" data-end=\"976\">\n<li data-start=\"694\" data-end=\"724\">\n<p data-start=\"696\" data-end=\"724\"><strong data-start=\"696\" data-end=\"705\">Name :<\/strong> S\u00e9bastien Desset<\/p>\n<\/li>\n<li data-start=\"725\" data-end=\"782\">\n<p data-start=\"727\" data-end=\"782\"><strong data-start=\"727\" data-end=\"739\">Status :<\/strong> Propri\u00e9taire et loueur non professionnel<\/p>\n<\/li>\n<li data-start=\"783\" data-end=\"815\">\n<p data-start=\"785\" data-end=\"815\"><strong data-start=\"785\" data-end=\"798\">Address:<\/strong> Colmar, France<\/p>\n<\/li>\n<li data-start=\"816\" data-end=\"859\">\n<p data-start=\"818\" data-end=\"859\"><strong data-start=\"818\" data-end=\"829\">Email :<\/strong> <a data-start=\"830\" data-end=\"857\" class=\"cursor-pointer\" rel=\"noopener\">location.sampigny@gmail.com<\/a><\/p>\n<\/li>\n<li data-start=\"860\" data-end=\"897\">\n<p data-start=\"862\" data-end=\"897\"><strong data-start=\"862\" data-end=\"877\">Phone :<\/strong> +33 6 36 36 63 76<\/p>\n<\/li>\n<li data-start=\"898\" data-end=\"976\">\n<p data-start=\"900\" data-end=\"976\"><strong data-start=\"900\" data-end=\"928\">SIRET :<\/strong>\u00a0<\/p>\n<\/li>\n<\/ul>\n<h3 data-start=\"983\" data-end=\"1017\">2. Publishing director<\/h3>\n<ul data-start=\"1019\" data-end=\"1111\">\n<li data-start=\"1019\" data-end=\"1049\">\n<p data-start=\"1021\" data-end=\"1049\"><strong data-start=\"1021\" data-end=\"1030\">Name :<\/strong> S\u00e9bastien Desset<\/p>\n<\/li>\n<li data-start=\"1050\" data-end=\"1111\">\n<p data-start=\"1052\" data-end=\"1111\"><strong data-start=\"1052\" data-end=\"1065\">Qualit\u00e9 :<\/strong> Propri\u00e9taire du logement et \u00e9diteur du site<\/p>\n<\/li>\n<\/ul>\n<h3 data-start=\"1118\" data-end=\"1144\">3. H\u00e9bergement du site<\/h3>\n<ul data-start=\"1146\" data-end=\"1363\">\n<li data-start=\"1146\" data-end=\"1194\">\n<p data-start=\"1148\" data-end=\"1194\"><strong data-start=\"1148\" data-end=\"1163\">H\u00e9bergeur :<\/strong> Hostinger International Ltd.<\/p>\n<\/li>\n<li data-start=\"1195\" data-end=\"1258\">\n<p data-start=\"1197\" data-end=\"1258\"><strong data-start=\"1197\" data-end=\"1210\">Address:<\/strong> \u0160vitrigailos str. 34, Vilnius 03230, Lituanie<\/p>\n<\/li>\n<li data-start=\"1259\" data-end=\"1293\">\n<p data-start=\"1261\" data-end=\"1293\"><strong data-start=\"1261\" data-end=\"1276\">Phone :<\/strong> +370 645 03378<\/p>\n<\/li>\n<li data-start=\"1294\" data-end=\"1363\">\n<p data-start=\"1296\" data-end=\"1363\"><strong data-start=\"1296\" data-end=\"1310\">Website :<\/strong> <a class=\"cursor-pointer\" rel=\"noopener\" target=\"_new\" data-start=\"1311\" data-end=\"1363\">https:\/\/www.hostinger.fr<\/a><\/p>\n<\/li>\n<\/ul>\n<h3 data-start=\"586\" data-end=\"620\">4. Conception et d\u00e9veloppement<\/h3>\n<p data-start=\"622\" data-end=\"676\">Ce site a \u00e9t\u00e9 con\u00e7u, d\u00e9velopp\u00e9 et mis en ligne par :<\/p>\n<ul data-start=\"677\" data-end=\"911\">\n<li data-start=\"677\" data-end=\"710\">\n<p data-start=\"679\" data-end=\"710\"><strong data-start=\"679\" data-end=\"688\">Name :<\/strong> BnBee<\/p>\n<\/li>\n<li data-start=\"711\" data-end=\"773\">\n<p data-start=\"713\" data-end=\"773\"><strong data-start=\"713\" data-end=\"725\">Status :<\/strong> Auto-entrepreneur<\/p>\n<\/li>\n<li data-start=\"774\" data-end=\"805\">\n<p data-start=\"776\" data-end=\"805\"><strong data-start=\"776\" data-end=\"789\">Address:<\/strong> 82 Rue Charles de Gaulle, 68800 Vieux-Thann<\/p>\n<\/li>\n<li data-start=\"806\" data-end=\"835\">\n<p data-start=\"808\" data-end=\"835\"><strong data-start=\"808\" data-end=\"819\">Email :<\/strong> support@hello-leads.fr<\/p>\n<\/li>\n<li data-start=\"836\" data-end=\"911\">\n<p data-start=\"838\" data-end=\"911\"><strong data-start=\"838\" data-end=\"852\">Website :<\/strong> <a data-start=\"853\" data-end=\"897\" rel=\"noopener\" target=\"_new\" class=\"cursor-pointer\">https:\/\/bnbee.fr<\/a><\/p>\n<\/li>\n<\/ul>\n<p data-start=\"913\" data-end=\"1057\">Hello.BnB intervient en tant que <strong data-start=\"946\" data-end=\"971\">prestataire technique<\/strong>, mais n\u2019est <strong data-start=\"984\" data-end=\"1021\">pas responsable de la publication<\/strong> ni des contenus \u00e9ditoriaux du site.<\/p>\n<h3 data-start=\"1370\" data-end=\"1404\">5. Conception et d\u00e9veloppement<\/h3>\n<p data-start=\"1406\" data-end=\"1615\">Ce site a \u00e9t\u00e9 con\u00e7u et d\u00e9velopp\u00e9 \u00e0 l\u2019aide des technologies <strong data-start=\"1465\" data-end=\"1478\">WordPress<\/strong>, <strong data-start=\"1480\" data-end=\"1488\">Divi<\/strong>, <strong data-start=\"1490\" data-end=\"1497\">PHP<\/strong>, <strong data-start=\"1499\" data-end=\"1513\">JavaScript<\/strong> and <strong data-start=\"1517\" data-end=\"1524\">CSS<\/strong>.<br data-start=\"1525\" data-end=\"1528\" \/>D\u00e9veloppement technique et accompagnement r\u00e9alis\u00e9s par la conciergerie <strong data-start=\"1599\" data-end=\"1612\">Hello.BnB<\/strong>.<\/p>\n<h3 data-start=\"1622\" data-end=\"1646\">6. Services propos\u00e9s<\/h3>\n<p data-start=\"1648\" data-end=\"1905\">Le site propose un service de <strong data-start=\"1678\" data-end=\"1730\">r\u00e9servation de logements meubl\u00e9s de courte dur\u00e9e<\/strong>, \u00e0 travers un syst\u00e8me de commande et de paiement en ligne.<br data-start=\"1789\" data-end=\"1792\" \/>Les paiements sont s\u00e9curis\u00e9s via <strong data-start=\"1825\" data-end=\"1835\">Stripe<\/strong> et les conditions de r\u00e9servation sont disponibles sur la page d\u00e9di\u00e9e.<\/p>\n<h3 data-start=\"1912\" data-end=\"1939\">7. Donn\u00e9es personnelles<\/h3>\n<p data-start=\"1941\" data-end=\"2200\">Les donn\u00e9es personnelles collect\u00e9es via les formulaires ou lors d\u2019une commande sont trait\u00e9es conform\u00e9ment \u00e0 la <strong data-start=\"2052\" data-end=\"2084\">politique de confidentialit\u00e9<\/strong> disponible sur cette page :<br data-start=\"2112\" data-end=\"2115\" \/><a data-start=\"2118\" data-end=\"2200\" class=\"cursor-pointer\" rel=\"noopener\" target=\"_new\">Privacy policy<\/a><\/p>\n<h3 data-start=\"2207\" data-end=\"2221\">8. Cookies<\/h3>\n<p data-start=\"2223\" data-end=\"2457\">Le site utilise des cookies n\u00e9cessaires au bon fonctionnement du site, \u00e0 la mesure d\u2019audience et \u00e0 l\u2019am\u00e9lioration de l\u2019exp\u00e9rience utilisateur.<br data-start=\"2365\" data-end=\"2368\" \/>A <strong data-start=\"2371\" data-end=\"2405\">bandeau de gestion des cookies<\/strong> permet de configurer vos pr\u00e9f\u00e9rences \u00e0 tout moment.<\/p>\n<h3 data-start=\"2464\" data-end=\"2495\">9. Propri\u00e9t\u00e9 intellectuelle<\/h3>\n<p data-start=\"2497\" data-end=\"2760\">L\u2019ensemble des \u00e9l\u00e9ments figurant sur le site (textes, images, photos, vid\u00e9os, logo, code, design) est prot\u00e9g\u00e9 par le droit d\u2019auteur et la propri\u00e9t\u00e9 intellectuelle.<br data-start=\"2660\" data-end=\"2663\" \/>Toute reproduction, m\u00eame partielle, sans autorisation \u00e9crite pr\u00e9alable est strictement interdite.<\/p>\n<h3 data-start=\"2767\" data-end=\"2788\">10. Responsabilit\u00e9<\/h3>\n<p data-start=\"2790\" data-end=\"3013\">L\u2019\u00e9diteur du site ne saurait \u00eatre tenu responsable de tout dommage direct ou indirect r\u00e9sultant de l\u2019acc\u00e8s ou de l\u2019utilisation du site.<br data-start=\"2925\" data-end=\"2928\" \/>L\u2019utilisateur est seul responsable de l\u2019utilisation qu\u2019il fait des services propos\u00e9s.<\/p>\n<h3 data-start=\"3020\" data-end=\"3054\">11. Droit applicable \u2013 Litiges<\/h3>\n<p data-start=\"3056\" data-end=\"3246\">Les pr\u00e9sentes mentions l\u00e9gales sont r\u00e9gies par le <strong data-start=\"3106\" data-end=\"3124\">droit fran\u00e7ais<\/strong>.<br data-start=\"3125\" data-end=\"3128\" \/>En cas de litige, et \u00e0 d\u00e9faut de r\u00e9solution amiable, comp\u00e9tence exclusive est attribu\u00e9e aux <strong data-start=\"3220\" data-end=\"3245\">tribunaux de Mulhouse<\/strong>.<\/p>\n<p>[\/et_pb_text][\/et_pb_column][\/et_pb_row][\/et_pb_section]<\/p>","protected":false},"excerpt":{"rendered":"<p>Mentions l\u00e9gales Conform\u00e9ment aux articles 6-III et 19 de la Loi n\u00b02004-575 du 21 juin 2004 pour la Confiance dans l\u2019\u00e9conomie num\u00e9rique, ainsi qu\u2019aux dispositions des lois n\u00b078-17 du 6 janvier 1978 et du RGPD (UE 2016\/679), nous vous informons des \u00e9l\u00e9ments suivants : 1. \u00c9diteur du site Nom : S\u00e9bastien Desset Statut : Propri\u00e9taire [&hellip;]<\/p>","protected":false},"author":1,"featured_media":0,"parent":0,"menu_order":0,"comment_status":"closed","ping_status":"closed","template":"","meta":{"_acf_changed":false,"_et_pb_use_builder":"on","_et_pb_old_content":"","_et_gb_content_width":"","footnotes":""},"class_list":["post-18919","page","type-page","status-publish","hentry"],"acf":[],"_links":{"self":[{"href":"https:\/\/s-capades.com\/en\/wp-json\/wp\/v2\/pages\/18919","targetHints":{"allow":["GET"]}}],"collection":[{"href":"https:\/\/s-capades.com\/en\/wp-json\/wp\/v2\/pages"}],"about":[{"href":"https:\/\/s-capades.com\/en\/wp-json\/wp\/v2\/types\/page"}],"author":[{"embeddable":true,"href":"https:\/\/s-capades.com\/en\/wp-json\/wp\/v2\/users\/1"}],"replies":[{"embeddable":true,"href":"https:\/\/s-capades.com\/en\/wp-json\/wp\/v2\/comments?post=18919"}],"version-history":[{"count":8,"href":"https:\/\/s-capades.com\/en\/wp-json\/wp\/v2\/pages\/18919\/revisions"}],"predecessor-version":[{"id":20666,"href":"https:\/\/s-capades.com\/en\/wp-json\/wp\/v2\/pages\/18919\/revisions\/20666"}],"wp:attachment":[{"href":"https:\/\/s-capades.com\/en\/wp-json\/wp\/v2\/media?parent=18919"}],"curies":[{"name":"wp","href":"https:\/\/api.w.org\/{rel}","templated":true}]}}